{"id":64,"date":"2016-07-15T21:09:05","date_gmt":"2016-07-15T20:09:05","guid":{"rendered":"https:\/\/www.licoho.com\/wiki\/?page_id=64"},"modified":"2023-11-14T21:33:02","modified_gmt":"2023-11-14T19:33:02","slug":"datenschutz-impressum","status":"publish","type":"page","link":"https:\/\/www.licoho.com\/wiki\/datenschutz-impressum\/","title":{"rendered":"Datenschutz &#038; Impressum"},"content":{"rendered":"<p>Ronny Wagner<br \/>\nBalanstra\u00dfe 86<br \/>\n81541 M\u00fcnchen<br \/>\nEmail: <a href=\"mailto:info@licoho.de\">info (at) licoho.de<\/a><\/p>\n<p><strong>Datenschutzerkl\u00e4rung<\/strong><\/p>\n<p>Wir wissen, dass Ihnen der sorgf\u00e4ltige Umgang mit Ihren personenbezogenen Daten sehr wichtig ist. Bei uns steht deshalb der Datenschutz an erster Stelle. Wir halten uns bei der Erhebung, Verarbeitung und Nutzung streng an die gesetzlichen Bestimmungen des Bundesdatenschutzgesetzes und des Teledienstdatenschutzgesetzes. Pers\u00f6nliche Daten werden nur dann erhoben und verarbeitet, wenn Sie uns diese freiwillig zur Verf\u00fcgung stellen. Zum Beispiel, wenn Sie einen unserer Tarife \u00fcber die Online-Formulare abschlie\u00dfen.<\/p>\n<p>Ihre Daten helfen uns, Informationen und Angebote f\u00fcr Sie individuell zu gestalten und stetig zu verbessern. Wir verwenden die personenbezogenen Daten im Einzelnen zur Abwicklung der Bestellungen, zur Abwicklung von Leistungen, zur Pr\u00fcfung der Bonit\u00e4t, f\u00fcr die Abwicklung der Zahlung, um einem Missbrauch unserer Internetseiten vorzubeugen und um Sie \u00fcber Bestellungen, Produkte, Dienstleistungen und Angebote zu informieren.<\/p>\n<p>Um einfacher und schneller als auf dem Postweg mit Ihnen in Kontakt treten zu k\u00f6nnen, bitten wir Sie, uns Ihre E-Mailadresse oder Ihre Telefonnummer mitzuteilen.<\/p>\n<p>Wir verarbeiten personenbezogene Daten zur Pflege der Kundenbeziehung und f\u00fcr unsere Werbeansprachen. Die Weitergabe Ihrer im Internet eingegebenen pers\u00f6nlichen Daten an unberechtigte Dritte au\u00dferhalb der Unternehmensgruppe ist grunds\u00e4tzlich ausgeschlossen. Zum Zwecke der Kreditpr\u00fcfung und bei anderen berechtigten Interessen pflegen wir einen Adress- und Bonit\u00e4tsdatenaustausch mit Dienstleistungsunternehmen sowie gegebenenfalls auch mit der Schufa und weiteren Wirtschaftsinformationsdiensten. Alle Bonit\u00e4tspr\u00fcfungen erfolgen, um Schwierigkeiten im Zahlungsverkehr auszuschlie\u00dfen.<\/p>\n<p>Der Datenaustausch mit der Schufa und anderen Wirtschaftsinformationsdiensten sch\u00fctzt uns vor Sch\u00e4den, die sich langfristig auf die Verkaufspreise auswirken. So profitieren auch Sie von einer Pr\u00fcfung der Kundendaten zu diesem Zweck.<\/p>\n<p><strong>Geltungsbereich<\/strong><\/p>\n<p>Diese Datenschutzerkl\u00e4rung kl\u00e4rt Nutzer \u00fcber die Art, den Umfang und Zwecke der Erhebung und Verwendung personenbezogener Daten durch den verantwortlichen Anbieter [LiCoHo, Balanstra\u00dfe 86, 81541 M\u00fcnchen, E-Mail: <a href=\"mailto:info@licoho.de\">info (at) licoho.de<\/a>] auf dieser Website auf.<\/p>\n<p>Die rechtlichen Grundlagen des Datenschutzes finden sich im Bundesdatenschutzgesetz (BDSG) und dem Telemediengesetz (TMG).<\/p>\n<p><strong>Zugriffsdaten\/ Server-Logfiles<\/strong><\/p>\n<p>Der Anbieter (beziehungsweise sein Webspace-Provider) erhebt Daten \u00fcber jeden Zugriff auf das Angebot (so genannte Serverlogfiles). Zu den Zugriffsdaten geh\u00f6ren:<\/p>\n<p>Name der abgerufenen Webseite, Datei, Datum und Uhrzeit des Abrufs, \u00fcbertragene Datenmenge, Meldung \u00fcber erfolgreichen Abruf, Browsertyp nebst Version, das Betriebssystem des Nutzers, Referrer URL (die zuvor besuchte Seite), IP-Adresse und der anfragende Provider.<\/p>\n<p>Der Anbieter verwendet die Protokolldaten nur f\u00fcr statistische Auswertungen zum Zweck des Betriebs, der Sicherheit und der Optimierung des Angebotes. Der Anbieter beh\u00e4lt sich jedoch vor, die Protokolldaten nachtr\u00e4glich zu \u00fcberpr\u00fcfen, wenn aufgrund konkreter Anhaltspunkte der berechtigte Verdacht einer rechtswidrigen Nutzung besteht.<\/p>\n<p><strong>Umgang mit personenbezogenen Daten<\/strong><\/p>\n<p>Personenbezogene Daten sind Informationen, mit deren Hilfe eine Person bestimmbar ist, also Angaben, die zur\u00fcck zu einer Person verfolgt werden k\u00f6nnen. Dazu geh\u00f6ren der Name, die Emailadresse oder die Telefonnummer. Aber auch Daten \u00fcber Vorlieben, Hobbies, Mitgliedschaften oder welche Webseiten von jemandem angesehen wurden z\u00e4hlen zu personenbezogenen Daten.<\/p>\n<p>Personenbezogene Daten werden von dem Anbieter nur dann erhoben, genutzt und weiter gegeben, wenn dies gesetzlich erlaubt ist oder die Nutzer in die Datenerhebung einwilligen.<\/p>\n<p><strong>Kontaktaufnahme<\/strong><\/p>\n<p>Bei der Kontaktaufnahme mit dem Anbieter (zum Beispiel per Kontaktformular oder E-Mail) werden die Angaben des Nutzers zwecks Bearbeitung der Anfrage sowie f\u00fcr den Fall, dass Anschlussfragen entstehen, gespeichert.<\/p>\n<p><strong>Einbindung von Diensten und Inhalten Dritter<\/strong><\/p>\n<p>Es kann vorkommen, dass innerhalb dieses Onlineangebotes Inhalte Dritter, wie zum Beispiel Videos von YouTube, Kartenmaterial von Google-Maps, RSS-Feeds oder Grafiken von anderen Webseiten eingebunden werden. Dies setzt immer voraus, dass die Anbieter dieser Inhalte (nachfolgend bezeichnet als &#8222;Dritt-Anbieter&#8220;) die IP-Adresse der Nutzer wahrnehmen. Denn ohne die IP-Adresse, k\u00f6nnten sie die Inhalte nicht an den Browser des jeweiligen Nutzers senden. Die IP-Adresse ist damit f\u00fcr die Darstellung dieser Inhalte erforderlich. Wir bem\u00fchen uns, nur solche Inhalte zu verwenden, deren jeweilige Anbieter die IP-Adresse lediglich zur Auslieferung der Inhalte verwenden. Jedoch haben wir keinen Einfluss darauf, falls die Dritt-Anbieter die IP-Adresse z.B. f\u00fcr statistische Zwecke speichern. Soweit dies uns bekannt ist, kl\u00e4ren wir die Nutzer dar\u00fcber auf.<\/p>\n<p><strong>Einsatz von Cookies<\/strong><\/p>\n<p>Wir setzen bei Ihrem Besuch unserer Webseiten in einigen Bereichen so genannte Cookies ein, um Ihnen Leistungen individueller zur Verf\u00fcgung zu stellen. Cookies sind kleine Dateien, die es erm\u00f6glichen, auf dem Zugriffsger\u00e4t der Nutzer (PC, Smartphone o.\u00e4.) spezifische, auf das Ger\u00e4t bezogene Informationen zu speichern. Sie dienen zum einem der Benutzerfreundlichkeit von Webseiten und damit den Nutzern (z.B. Speicherung von Logindaten). Zum anderen dienen sie, um die statistischen Daten der Webseitennutzung zu erfassen und sie zwecks Verbesserung des Angebotes analysieren zu k\u00f6nnen. Die Nutzer k\u00f6nnen auf den Einsatz der Cookies Einfluss nehmen. Die meisten Browser verf\u00fcgen eine Option, mit der das Speichern von Cookies eingeschr\u00e4nkt oder komplett verhindert wird. Allerdings wird darauf hingewiesen, dass die Nutzung und insbesondere der Nutzungskomfort ohne Cookies eingeschr\u00e4nkt werden. Wir binden auf unseren Seiten von Fall zu Fall Angebote von Drittanbietern ein, welche ebenfalls Cookies verwenden. Bitte beachten Sie die Datenschutzhinweise der jeweiligen Drittanbieter.<\/p>\n<p><strong>Widerruf, \u00c4nderungen, Berichtigungen und Aktualisierungen<\/strong><\/p>\n<p>Der Nutzer hat das Recht, auf Antrag unentgeltlich Auskunft zu erhalten \u00fcber die personenbezogenen Daten, die \u00fcber ihn gespeichert wurden. Zus\u00e4tzlich hat der Nutzer das Recht auf Berichtigung unrichtiger Daten, Sperrung und L\u00f6schung seiner personenbezogenen Daten, soweit dem keine gesetzliche Aufbewahrungspflicht entgegensteht.<\/p>\n<p>Alle Inhalte auf dem WWW-Server von LiCoHo werden sehr sorgf\u00e4ltig gepr\u00fcft. Trotzdem kann f\u00fcr die Richtigkeit, Vollst\u00e4ndigkeit und die Aktualit\u00e4t keine Gew\u00e4hr \u00fcbernommen werden. \u00dcber entsprechende Hinweise bzw. Anregungen freuen wir uns jederzeit. \u00c4nderungen sind jederzeit vorbehalten. LiCoHo \u00fcbernehmen f\u00fcr die gesamte Website und f\u00fcr die Inhalte externer Links keine Haftung. F\u00fcr den Inhalt der verlinkten Seiten sind ausschlie\u00dflich deren Betreiber verantwortlich.<\/p>\n<p><strong>Haftungsausschluss<\/strong><\/p>\n<p>Alle Inhalte auf dem WWW-Server von LiCoHo werden sehr sorgf\u00e4ltig gepr\u00fcft. Trotzdem kann f\u00fcr die Richtigkeit, Vollst\u00e4ndigkeit und die Aktualit\u00e4t keine Gew\u00e4hr \u00fcbernommen werden. \u00dcber entsprechende Hinweise bzw. Anregungen freuen wir uns jederzeit. \u00c4nderungen sind jederzeit vorbehalten. LiCoHo \u00fcbernehmen f\u00fcr die gesamte Website und f\u00fcr die Inhalte externer Links keine Haftung. F\u00fcr den Inhalt der verlinkten Seiten sind ausschlie\u00dflich deren Betreiber verantwortlich.<\/p>\n","protected":false},"excerpt":{"rendered":"<p>Ronny Wagner Balanstra\u00dfe 86 81541 M\u00fcnchen Email: info (at) licoho.de Datenschutzerkl\u00e4rung Wir wissen, dass Ihnen der sorgf\u00e4ltige Umgang mit Ihren personenbezogenen Daten sehr wichtig ist. Bei uns steht deshalb der Datenschutz an erster Stelle. Wir halten uns bei der Erhebung, &hellip; <a href=\"https:\/\/www.licoho.com\/wiki\/datenschutz-impressum\/\">Weiterlesen <span class=\"meta-nav\">&rarr;<\/span><\/a><\/p>\n","protected":false},"author":1,"featured_media":0,"parent":0,"menu_order":2,"comment_status":"closed","ping_status":"closed","template":"","meta":{"footnotes":""},"class_list":["post-64","page","type-page","status-publish","hentry"],"yoast_head":"<!-- This site is optimized with the Yoast SEO plugin v27.4 - https:\/\/yoast.com\/product\/yoast-seo-wordpress\/ -->\n<title>Datenschutz &amp; Impressum - Li(nux)-Co(nfig)-Ho(sting)<\/title>\n<meta name=\"robots\" content=\"index, follow, max-snippet:-1, max-image-preview:large, max-video-preview:-1\" \/>\n<link rel=\"canonical\" href=\"https:\/\/www.licoho.com\/wiki\/datenschutz-impressum\/\" \/>\n<meta property=\"og:locale\" content=\"de_DE\" \/>\n<meta property=\"og:type\" content=\"article\" \/>\n<meta property=\"og:title\" content=\"Datenschutz &amp; Impressum - Li(nux)-Co(nfig)-Ho(sting)\" \/>\n<meta property=\"og:description\" content=\"Ronny Wagner Balanstra\u00dfe 86 81541 M\u00fcnchen Email: info (at) licoho.de Datenschutzerkl\u00e4rung Wir wissen, dass Ihnen der sorgf\u00e4ltige Umgang mit Ihren personenbezogenen Daten sehr wichtig ist. Bei uns steht deshalb der Datenschutz an erster Stelle. Wir halten uns bei der Erhebung, &hellip; Weiterlesen &rarr;\" \/>\n<meta property=\"og:url\" content=\"https:\/\/www.licoho.com\/wiki\/datenschutz-impressum\/\" \/>\n<meta property=\"og:site_name\" content=\"Li(nux)-Co(nfig)-Ho(sting)\" \/>\n<meta property=\"article:modified_time\" content=\"2023-11-14T19:33:02+00:00\" \/>\n<meta name=\"twitter:card\" content=\"summary_large_image\" \/>\n<meta name=\"twitter:label1\" content=\"Gesch\u00e4tzte Lesezeit\" \/>\n\t<meta name=\"twitter:data1\" content=\"5\u00a0Minuten\" \/>\n<script type=\"application\/ld+json\" class=\"yoast-schema-graph\">{\"@context\":\"https:\\\/\\\/schema.org\",\"@graph\":[{\"@type\":\"WebPage\",\"@id\":\"https:\\\/\\\/www.licoho.com\\\/wiki\\\/datenschutz-impressum\\\/\",\"url\":\"https:\\\/\\\/www.licoho.com\\\/wiki\\\/datenschutz-impressum\\\/\",\"name\":\"Datenschutz & Impressum - Li(nux)-Co(nfig)-Ho(sting)\",\"isPartOf\":{\"@id\":\"https:\\\/\\\/www.licoho.com\\\/wiki\\\/#website\"},\"datePublished\":\"2016-07-15T20:09:05+00:00\",\"dateModified\":\"2023-11-14T19:33:02+00:00\",\"breadcrumb\":{\"@id\":\"https:\\\/\\\/www.licoho.com\\\/wiki\\\/datenschutz-impressum\\\/#breadcrumb\"},\"inLanguage\":\"de\",\"potentialAction\":[{\"@type\":\"ReadAction\",\"target\":[\"https:\\\/\\\/www.licoho.com\\\/wiki\\\/datenschutz-impressum\\\/\"]}]},{\"@type\":\"BreadcrumbList\",\"@id\":\"https:\\\/\\\/www.licoho.com\\\/wiki\\\/datenschutz-impressum\\\/#breadcrumb\",\"itemListElement\":[{\"@type\":\"ListItem\",\"position\":1,\"name\":\"Startseite\",\"item\":\"https:\\\/\\\/www.licoho.com\\\/wiki\\\/\"},{\"@type\":\"ListItem\",\"position\":2,\"name\":\"Datenschutz &#038; Impressum\"}]},{\"@type\":\"WebSite\",\"@id\":\"https:\\\/\\\/www.licoho.com\\\/wiki\\\/#website\",\"url\":\"https:\\\/\\\/www.licoho.com\\\/wiki\\\/\",\"name\":\"Li(nux)-Co(nfig)-Ho(sting)\",\"description\":\"Linux Configuration Hosting\",\"publisher\":{\"@id\":\"https:\\\/\\\/www.licoho.com\\\/wiki\\\/#organization\"},\"potentialAction\":[{\"@type\":\"SearchAction\",\"target\":{\"@type\":\"EntryPoint\",\"urlTemplate\":\"https:\\\/\\\/www.licoho.com\\\/wiki\\\/?s={search_term_string}\"},\"query-input\":{\"@type\":\"PropertyValueSpecification\",\"valueRequired\":true,\"valueName\":\"search_term_string\"}}],\"inLanguage\":\"de\"},{\"@type\":\"Organization\",\"@id\":\"https:\\\/\\\/www.licoho.com\\\/wiki\\\/#organization\",\"name\":\"LiCoHo\",\"url\":\"https:\\\/\\\/www.licoho.com\\\/wiki\\\/\",\"logo\":{\"@type\":\"ImageObject\",\"inLanguage\":\"de\",\"@id\":\"https:\\\/\\\/www.licoho.com\\\/wiki\\\/#\\\/schema\\\/logo\\\/image\\\/\",\"url\":\"https:\\\/\\\/www.licoho.com\\\/wiki\\\/wp-content\\\/uploads\\\/2016\\\/07\\\/cropped-maia-logotoolbar.gif\",\"contentUrl\":\"https:\\\/\\\/www.licoho.com\\\/wiki\\\/wp-content\\\/uploads\\\/2016\\\/07\\\/cropped-maia-logotoolbar.gif\",\"width\":512,\"height\":512,\"caption\":\"LiCoHo\"},\"image\":{\"@id\":\"https:\\\/\\\/www.licoho.com\\\/wiki\\\/#\\\/schema\\\/logo\\\/image\\\/\"}}]}<\/script>\n<!-- \/ Yoast SEO plugin. -->","yoast_head_json":{"title":"Datenschutz & Impressum - Li(nux)-Co(nfig)-Ho(sting)","robots":{"index":"index","follow":"follow","max-snippet":"max-snippet:-1","max-image-preview":"max-image-preview:large","max-video-preview":"max-video-preview:-1"},"canonical":"https:\/\/www.licoho.com\/wiki\/datenschutz-impressum\/","og_locale":"de_DE","og_type":"article","og_title":"Datenschutz & Impressum - Li(nux)-Co(nfig)-Ho(sting)","og_description":"Ronny Wagner Balanstra\u00dfe 86 81541 M\u00fcnchen Email: info (at) licoho.de Datenschutzerkl\u00e4rung Wir wissen, dass Ihnen der sorgf\u00e4ltige Umgang mit Ihren personenbezogenen Daten sehr wichtig ist. Bei uns steht deshalb der Datenschutz an erster Stelle. Wir halten uns bei der Erhebung, &hellip; Weiterlesen &rarr;","og_url":"https:\/\/www.licoho.com\/wiki\/datenschutz-impressum\/","og_site_name":"Li(nux)-Co(nfig)-Ho(sting)","article_modified_time":"2023-11-14T19:33:02+00:00","twitter_card":"summary_large_image","twitter_misc":{"Gesch\u00e4tzte Lesezeit":"5\u00a0Minuten"},"schema":{"@context":"https:\/\/schema.org","@graph":[{"@type":"WebPage","@id":"https:\/\/www.licoho.com\/wiki\/datenschutz-impressum\/","url":"https:\/\/www.licoho.com\/wiki\/datenschutz-impressum\/","name":"Datenschutz & Impressum - Li(nux)-Co(nfig)-Ho(sting)","isPartOf":{"@id":"https:\/\/www.licoho.com\/wiki\/#website"},"datePublished":"2016-07-15T20:09:05+00:00","dateModified":"2023-11-14T19:33:02+00:00","breadcrumb":{"@id":"https:\/\/www.licoho.com\/wiki\/datenschutz-impressum\/#breadcrumb"},"inLanguage":"de","potentialAction":[{"@type":"ReadAction","target":["https:\/\/www.licoho.com\/wiki\/datenschutz-impressum\/"]}]},{"@type":"BreadcrumbList","@id":"https:\/\/www.licoho.com\/wiki\/datenschutz-impressum\/#breadcrumb","itemListElement":[{"@type":"ListItem","position":1,"name":"Startseite","item":"https:\/\/www.licoho.com\/wiki\/"},{"@type":"ListItem","position":2,"name":"Datenschutz &#038; Impressum"}]},{"@type":"WebSite","@id":"https:\/\/www.licoho.com\/wiki\/#website","url":"https:\/\/www.licoho.com\/wiki\/","name":"Li(nux)-Co(nfig)-Ho(sting)","description":"Linux Configuration Hosting","publisher":{"@id":"https:\/\/www.licoho.com\/wiki\/#organization"},"potentialAction":[{"@type":"SearchAction","target":{"@type":"EntryPoint","urlTemplate":"https:\/\/www.licoho.com\/wiki\/?s={search_term_string}"},"query-input":{"@type":"PropertyValueSpecification","valueRequired":true,"valueName":"search_term_string"}}],"inLanguage":"de"},{"@type":"Organization","@id":"https:\/\/www.licoho.com\/wiki\/#organization","name":"LiCoHo","url":"https:\/\/www.licoho.com\/wiki\/","logo":{"@type":"ImageObject","inLanguage":"de","@id":"https:\/\/www.licoho.com\/wiki\/#\/schema\/logo\/image\/","url":"https:\/\/www.licoho.com\/wiki\/wp-content\/uploads\/2016\/07\/cropped-maia-logotoolbar.gif","contentUrl":"https:\/\/www.licoho.com\/wiki\/wp-content\/uploads\/2016\/07\/cropped-maia-logotoolbar.gif","width":512,"height":512,"caption":"LiCoHo"},"image":{"@id":"https:\/\/www.licoho.com\/wiki\/#\/schema\/logo\/image\/"}}]}},"_links":{"self":[{"href":"https:\/\/www.licoho.com\/wiki\/wp-json\/wp\/v2\/pages\/64","targetHints":{"allow":["GET"]}}],"collection":[{"href":"https:\/\/www.licoho.com\/wiki\/wp-json\/wp\/v2\/pages"}],"about":[{"href":"https:\/\/www.licoho.com\/wiki\/wp-json\/wp\/v2\/types\/page"}],"author":[{"embeddable":true,"href":"https:\/\/www.licoho.com\/wiki\/wp-json\/wp\/v2\/users\/1"}],"replies":[{"embeddable":true,"href":"https:\/\/www.licoho.com\/wiki\/wp-json\/wp\/v2\/comments?post=64"}],"version-history":[{"count":5,"href":"https:\/\/www.licoho.com\/wiki\/wp-json\/wp\/v2\/pages\/64\/revisions"}],"predecessor-version":[{"id":205,"href":"https:\/\/www.licoho.com\/wiki\/wp-json\/wp\/v2\/pages\/64\/revisions\/205"}],"wp:attachment":[{"href":"https:\/\/www.licoho.com\/wiki\/wp-json\/wp\/v2\/media?parent=64"}],"curies":[{"name":"wp","href":"https:\/\/api.w.org\/{rel}","templated":true}]}}